{"id":825,"date":"2023-06-06T10:44:13","date_gmt":"2023-06-06T08:44:13","guid":{"rendered":"https:\/\/shop.tinzstyle.de\/?post_type=product&#038;p=825"},"modified":"2025-01-27T15:40:12","modified_gmt":"2025-01-27T14:40:12","slug":"eine-frage-des-stils-anstiftung-zu-kreativem-design","status":"publish","type":"product","link":"https:\/\/shop.tinzstyle.de\/?product=eine-frage-des-stils-anstiftung-zu-kreativem-design","title":{"rendered":"Eine Frage des Stils: Anstiftung zu kreativem Design"},"content":{"rendered":"<div id=\"editorialReviews_feature_div\" class=\"celwidget\" data-feature-name=\"editorialReviews\" data-csa-c-type=\"widget\" data-csa-c-content-id=\"editorialReviews\" data-csa-c-slot-id=\"editorialReviews_feature_div\" data-csa-c-asin=\"\" data-csa-c-is-in-initial-active-row=\"false\" data-csa-c-id=\"6agtzy-7fan0n-em1fgn-7qluag\">\n<div class=\"a-section a-spacing-small a-padding-base\">\n<h6 data-feature-name=\"detailBullets\" data-template-name=\"detailBullets\">\u00dcber den Autor und weitere Mitwirkende<\/h6>\n<div id=\"detailBulletsWrapper_feature_div\" class=\"a-section feature detail-bullets-wrapper bucket\" data-feature-name=\"detailBullets\" data-template-name=\"detailBullets\">Bernhard H. Tinz ist in M\u00fcnchen, Paris, Stuttgart und Reutlingen aufgewachsen. Nach dem Besuch des Wirtschaftsgymnasiums absolvierte er an der renommierten staatlichen Akademie der bildenden K\u00fcnste in Stuttgart sein Staatsexamen. Nach dem Studium machte er sich selbst\u00e4ndig.<\/div>\n<p>&nbsp;<\/p>\n<\/div>\n<div data-feature-name=\"detailBullets\" data-template-name=\"detailBullets\">Seit 40 Jahren betreibt er in mehreren L\u00e4ndern Unternehmen f\u00fcr Produktforschung und Entwicklung, Industrie- und Verpackungsdesign, Konstruktion, Prototypbau sowie der Herstellung von Animationsfilmen.<\/div>\n<\/div>\n<p>&nbsp;<\/p>\n<div data-feature-name=\"detailBullets\" data-template-name=\"detailBullets\">Einige Jahre lehrte er als Gastdozent an der LDT Nagold. Studien- und Gesch\u00e4ftsreisen f\u00fchren ihn nach Europa, Nord- und S\u00fcdamerika, Afrika und Asien. In Kunst-, Fotografie- und Kulturmagazinen sowie in technischen Zeitschriften ver\u00f6ffentlicht Tinz Artikel zum aktuellen Geschehen, doziert und h\u00e4lt Vortr\u00e4ge an Hochschulen und coacht die Industrie f\u00fcr erfolgreiches Produktmanagement und Design.<\/div>\n<div id=\"editorialReviews_feature_div\" class=\"celwidget\" data-feature-name=\"editorialReviews\" data-csa-c-type=\"widget\" data-csa-c-content-id=\"editorialReviews\" data-csa-c-slot-id=\"editorialReviews_feature_div\" data-csa-c-asin=\"\" data-csa-c-is-in-initial-active-row=\"false\" data-csa-c-id=\"6agtzy-7fan0n-em1fgn-7qluag\">\n<div class=\"a-section a-spacing-small a-padding-base\">\n<div class=\"a-section feature detail-bullets-wrapper bucket\" data-feature-name=\"detailBullets\" data-template-name=\"detailBullets\">\n<h6>Produktinformation<\/h6>\n<div id=\"detailBullets_feature_div\">\n<ul class=\"a-unordered-list a-nostyle a-vertical a-spacing-none detail-bullet-list\">\n<li><span class=\"a-list-item\"><span class=\"a-text-bold\">Herausgeber \u200f : \u200e <\/span> Gmeiner-Verlag; 2023. Edition (8. M\u00e4rz 2023) <\/span><\/li>\n<li><span class=\"a-list-item\"><span class=\"a-text-bold\">Sprache \u200f : \u200e <\/span> Deutsch <\/span><\/li>\n<li><span class=\"a-list-item\"><span class=\"a-text-bold\">Taschenbuch \u200f : \u200e <\/span> 192 Seiten <\/span><\/li>\n<li><span class=\"a-list-item\"><span class=\"a-text-bold\">ISBN-10 \u200f : \u200e <\/span> 3839204321 <\/span><\/li>\n<li><span class=\"a-list-item\"><span class=\"a-text-bold\">ISBN-13 \u200f : \u200e <\/span> 978-3839204320 <\/span><\/li>\n<li><span class=\"a-list-item\"><span class=\"a-text-bold\">Abmessungen \u200f : \u200e <\/span> 17.3 x 2.6 x 24 cm <\/span><\/li>\n<\/ul>\n<\/div>\n<\/div>\n<\/div>\n<\/div>\n","protected":false},"excerpt":{"rendered":"<p>Wie aus Kreativit\u00e4t Design entsteht.<\/p>\n<p>Der interdisziplin\u00e4re und dennoch stark auf den Markterfolg fokussierte Ansatz des von Bernhard H. Tinz gef\u00fchrten Designunternehmens liefert Beispiele der Kreativit\u00e4t, die Sie in Ihren Alltag mitnehmen k\u00f6nnen, um die Dinge (um sich herum) mit anderen Augen zu sehen.<\/p>\n<p>Spannende Fallbeispiele vermitteln, wie Kreativit\u00e4t kultuviert und praktisch von der Ideenfindung bis zur Marktreife und dem t\u00e4glichen Gebrauch umgesetzt werden kann.<\/p>\n<p>Schwierigkeiten in diesem Prozess werden ebenso beleuchtet wie L\u00f6sungsmethoden und das Erlernen einer eigenen &gt;Intuition&lt;, die es Ihnen erlaubt, empathischer an Kreativit\u00e4t und an designorientiere Aufgabenstellungen heranzugehen. Profitieren sie vom langj\u00e4hrigen wissen des Autors und lassen Sie sich inspirieren, die Zukunft neu zu denken.<\/p>\n","protected":false},"featured_media":826,"comment_status":"open","ping_status":"closed","template":"","meta":[],"product_brand":[],"product_cat":[38],"product_tag":[],"class_list":{"0":"post-825","1":"product","2":"type-product","3":"status-publish","4":"has-post-thumbnail","6":"product_cat-buecher","8":"first","9":"instock","10":"taxable","11":"shipping-taxable","12":"purchasable","13":"product-type-simple"},"jetpack_sharing_enabled":true,"_links":{"self":[{"href":"https:\/\/shop.tinzstyle.de\/index.php?rest_route=\/wp\/v2\/product\/825","targetHints":{"allow":["GET"]}}],"collection":[{"href":"https:\/\/shop.tinzstyle.de\/index.php?rest_route=\/wp\/v2\/product"}],"about":[{"href":"https:\/\/shop.tinzstyle.de\/index.php?rest_route=\/wp\/v2\/types\/product"}],"replies":[{"embeddable":true,"href":"https:\/\/shop.tinzstyle.de\/index.php?rest_route=%2Fwp%2Fv2%2Fcomments&post=825"}],"wp:featuredmedia":[{"embeddable":true,"href":"https:\/\/shop.tinzstyle.de\/index.php?rest_route=\/wp\/v2\/media\/826"}],"wp:attachment":[{"href":"https:\/\/shop.tinzstyle.de\/index.php?rest_route=%2Fwp%2Fv2%2Fmedia&parent=825"}],"wp:term":[{"taxonomy":"product_brand","embeddable":true,"href":"https:\/\/shop.tinzstyle.de\/index.php?rest_route=%2Fwp%2Fv2%2Fproduct_brand&post=825"},{"taxonomy":"product_cat","embeddable":true,"href":"https:\/\/shop.tinzstyle.de\/index.php?rest_route=%2Fwp%2Fv2%2Fproduct_cat&post=825"},{"taxonomy":"product_tag","embeddable":true,"href":"https:\/\/shop.tinzstyle.de\/index.php?rest_route=%2Fwp%2Fv2%2Fproduct_tag&post=825"}],"curies":[{"name":"wp","href":"https:\/\/api.w.org\/{rel}","templated":true}]}}